{"id":26005,"date":"2023-02-02T12:42:10","date_gmt":"2023-02-02T12:42:10","guid":{"rendered":"https:\/\/motorpor.pt\/politica-de-cookies\/"},"modified":"2023-03-22T18:03:39","modified_gmt":"2023-03-22T18:03:39","slug":"politica-de-cookies","status":"publish","type":"page","link":"https:\/\/motorpor.pt\/en\/politica-de-cookies\/","title":{"rendered":"Cookie Policy"},"content":{"rendered":"<div data-elementor-type=\"wp-page\" data-elementor-id=\"26005\" class=\"elementor elementor-26005\" data-elementor-post-type=\"page\">\n\t\t\t\t\t\t<section class=\"has_eae_slider elementor-section elementor-top-section elementor-element elementor-element-130f36d elementor-section-height-min-height elementor-section-boxed elementor-section-height-default elementor-section-items-middle\" data-eae-slider=\"65667\" data-id=\"130f36d\" data-element_type=\"section\" data-e-type=\"section\" data-settings=\"{&quot;background_background&quot;:&quot;classic&quot;}\">\n\t\t\t\t\t\t<div class=\"elementor-container elementor-column-gap-default\">\n\t\t\t\t\t<div class=\"has_eae_slider elementor-column elementor-col-100 elementor-top-column elementor-element elementor-element-420c277\" data-eae-slider=\"58524\" data-id=\"420c277\" data-element_type=\"column\" data-e-type=\"column\">\n\t\t\t<div class=\"elementor-widget-wrap elementor-element-populated\">\n\t\t\t\t\t\t<div class=\"elementor-element elementor-element-9f96d35 elementor-widget elementor-widget-heading\" data-id=\"9f96d35\" data-element_type=\"widget\" data-e-type=\"widget\" data-widget_type=\"heading.default\">\n\t\t\t\t<div class=\"elementor-widget-container\">\n\t\t\t\t\t<h1 class=\"elementor-heading-title elementor-size-default\">Politicas de cookies<\/h1>\t\t\t\t<\/div>\n\t\t\t\t<\/div>\n\t\t\t\t\t<\/div>\n\t\t<\/div>\n\t\t\t\t\t<\/div>\n\t\t<\/section>\n\t\t\t\t<section class=\"has_eae_slider elementor-section elementor-top-section elementor-element elementor-element-f05311b elementor-section-boxed elementor-section-height-default elementor-section-height-default\" data-eae-slider=\"10626\" data-id=\"f05311b\" data-element_type=\"section\" data-e-type=\"section\">\n\t\t\t\t\t\t<div class=\"elementor-container elementor-column-gap-default\">\n\t\t\t\t\t<div class=\"has_eae_slider elementor-column elementor-col-100 elementor-top-column elementor-element elementor-element-4b70aa4\" data-eae-slider=\"99216\" data-id=\"4b70aa4\" data-element_type=\"column\" data-e-type=\"column\">\n\t\t\t<div class=\"elementor-widget-wrap elementor-element-populated\">\n\t\t\t\t\t\t<div class=\"elementor-element elementor-element-52624b6 elementor-widget elementor-widget-heading\" data-id=\"52624b6\" data-element_type=\"widget\" data-e-type=\"widget\" data-widget_type=\"heading.default\">\n\t\t\t\t<div class=\"elementor-widget-container\">\n\t\t\t\t\t<h2 class=\"elementor-heading-title elementor-size-default\">POL\u00cdTICA DE COOKIES<\/h2>\t\t\t\t<\/div>\n\t\t\t\t<\/div>\n\t\t\t\t<div class=\"elementor-element elementor-element-d220c15 elementor-widget elementor-widget-heading\" data-id=\"d220c15\" data-element_type=\"widget\" data-e-type=\"widget\" data-widget_type=\"heading.default\">\n\t\t\t\t<div class=\"elementor-widget-container\">\n\t\t\t\t\t<h2 class=\"elementor-heading-title elementor-size-default\">1. Como usamos cookies<\/h2>\t\t\t\t<\/div>\n\t\t\t\t<\/div>\n\t\t\t\t<div class=\"elementor-element elementor-element-67a3965 elementor-widget elementor-widget-text-editor\" data-id=\"67a3965\" data-element_type=\"widget\" data-e-type=\"widget\" data-widget_type=\"text-editor.default\">\n\t\t\t\t<div class=\"elementor-widget-container\">\n\t\t\t\t\t\t\t\t\t<p>Utilizamos cookies no nosso site por v\u00e1rios motivos que poder\u00e1 ver mais tarde. Os cookies que usamos n\u00e3o armazenam informa\u00e7\u00f5es de identifica\u00e7\u00e3o pessoal e n\u00e3o podem danificar o seu computador. Queremos que o nosso site seja informativo, pessoal e amig\u00e1vel, e os cookies ajudam-nos a conseguir isso.<\/p><p>Ao usar o nosso site, concorda com o uso de cookies, conforme definido nesta pol\u00edtica. Entendemos que alguns utilizadores podem querer um controle mais individual da sua visita ao nosso site e podem ajustar as suas configura\u00e7\u00f5es. Pode ler tudo sobre isso na sec\u00e7\u00e3o abaixo \u201cComo controlar e excluir cookies\u201d. Se n\u00e3o concorda com esse uso, evite usar o site.<\/p>\t\t\t\t\t\t\t\t<\/div>\n\t\t\t\t<\/div>\n\t\t\t\t<div class=\"elementor-element elementor-element-df83bfb elementor-widget elementor-widget-heading\" data-id=\"df83bfb\" data-element_type=\"widget\" data-e-type=\"widget\" data-widget_type=\"heading.default\">\n\t\t\t\t<div class=\"elementor-widget-container\">\n\t\t\t\t\t<h2 class=\"elementor-heading-title elementor-size-default\">2. O que \u00e9 um cookie?<\/h2>\t\t\t\t<\/div>\n\t\t\t\t<\/div>\n\t\t\t\t<div class=\"elementor-element elementor-element-e02e981 elementor-widget elementor-widget-text-editor\" data-id=\"e02e981\" data-element_type=\"widget\" data-e-type=\"widget\" data-widget_type=\"text-editor.default\">\n\t\t\t\t<div class=\"elementor-widget-container\">\n\t\t\t\t\t\t\t\t\t<p>Um cookie \u00e9 um arquivo pequeno e cont\u00e9m uma certa quantidade de dados que o nosso site pode enviar para o seu navegador. Em seguida, ele pode ser armazenado no disco r\u00edgido do seu computador e pode ser visualizado pelo nosso servidor da web. Esses dados de cookies podem ser recuperados e permitem-nos personalizar as nossas p\u00e1ginas e servi\u00e7os da Web. \u00c9 importante notar que os cookies n\u00e3o recolhem dados pessoais armazenados no disco r\u00edgido ou no computador.<\/p>\t\t\t\t\t\t\t\t<\/div>\n\t\t\t\t<\/div>\n\t\t\t\t<div class=\"elementor-element elementor-element-c3726af elementor-widget elementor-widget-heading\" data-id=\"c3726af\" data-element_type=\"widget\" data-e-type=\"widget\" data-widget_type=\"heading.default\">\n\t\t\t\t<div class=\"elementor-widget-container\">\n\t\t\t\t\t<h2 class=\"elementor-heading-title elementor-size-default\">3. Como usamos cookies?<\/h2>\t\t\t\t<\/div>\n\t\t\t\t<\/div>\n\t\t\t\t<div class=\"elementor-element elementor-element-90c3c51 elementor-widget elementor-widget-text-editor\" data-id=\"90c3c51\" data-element_type=\"widget\" data-e-type=\"widget\" data-widget_type=\"text-editor.default\">\n\t\t\t\t<div class=\"elementor-widget-container\">\n\t\t\t\t\t\t\t\t\t<p>Utilizamos pacotes de an\u00e1lise para melhorar constantemente a sua experi\u00eancia de navega\u00e7\u00e3o no nosso site.<\/p><p>Parceiros confi\u00e1veis como o Google Analytics ajudam-nos a espalhar cookies de publicidade no Google. Leia as pol\u00edticas de privacidade deles para garantir que se sente confort\u00e1vel com a forma como eles usam cookies.<\/p>\t\t\t\t\t\t\t\t<\/div>\n\t\t\t\t<\/div>\n\t\t\t\t<div class=\"elementor-element elementor-element-2ffafd9 elementor-widget elementor-widget-heading\" data-id=\"2ffafd9\" data-element_type=\"widget\" data-e-type=\"widget\" data-widget_type=\"heading.default\">\n\t\t\t\t<div class=\"elementor-widget-container\">\n\t\t\t\t\t<h2 class=\"elementor-heading-title elementor-size-default\">4. Cookies de redes sociais<\/h2>\t\t\t\t<\/div>\n\t\t\t\t<\/div>\n\t\t\t\t<div class=\"elementor-element elementor-element-4c941e1 elementor-widget elementor-widget-text-editor\" data-id=\"4c941e1\" data-element_type=\"widget\" data-e-type=\"widget\" data-widget_type=\"text-editor.default\">\n\t\t\t\t<div class=\"elementor-widget-container\">\n\t\t\t\t\t\t\t\t\t<p>Para enriquecer o conte\u00fado do nosso site, por vezes podemos incorporar conte\u00fado de outros sites de redes sociais, como YouTube, Facebook, Instagram ou LinkedIn. Como resultado, quando visita uma p\u00e1gina com conte\u00fado incorporado, os cookies desses sites podem ser exibidos. A Motorpor n\u00e3o tem controle ou responsabilidade por esses cookies; portanto, verifique a pol\u00edtica de cookies de terceiros para obter mais informa\u00e7\u00f5es.<\/p>\t\t\t\t\t\t\t\t<\/div>\n\t\t\t\t<\/div>\n\t\t\t\t<div class=\"elementor-element elementor-element-3f541c8 elementor-widget elementor-widget-heading\" data-id=\"3f541c8\" data-element_type=\"widget\" data-e-type=\"widget\" data-widget_type=\"heading.default\">\n\t\t\t\t<div class=\"elementor-widget-container\">\n\t\t\t\t\t<h2 class=\"elementor-heading-title elementor-size-default\">5. Como fa\u00e7o para rastrear e excluir cookies?<\/h2>\t\t\t\t<\/div>\n\t\t\t\t<\/div>\n\t\t\t\t<div class=\"elementor-element elementor-element-2a30c8f elementor-widget elementor-widget-text-editor\" data-id=\"2a30c8f\" data-element_type=\"widget\" data-e-type=\"widget\" data-widget_type=\"text-editor.default\">\n\t\t\t\t<div class=\"elementor-widget-container\">\n\t\t\t\t\t\t\t\t\t<p>A Motorpor n\u00e3o usar\u00e1 cookies para recolher informa\u00e7\u00f5es pessoais. No entanto, se optar por desativar, rejeitar ou bloquear os nossos cookies, algumas partes do nosso site n\u00e3o funcionar\u00e3o completamente ou, em alguns casos, o nosso site poder\u00e1 n\u00e3o estar acess\u00edvel.<\/p><p><br><\/p>\n<p>Para obter mais informa\u00e7\u00f5es sobre como controlar as configura\u00e7\u00f5es de cookies e do navegador, ou excluir os cookies no disco r\u00edgido, aceda a <a href=\"http:\/\/www.allaboutcookies.org\">www.allaboutcookies.org<\/a>.<\/p>\t\t\t\t\t\t\t\t<\/div>\n\t\t\t\t<\/div>\n\t\t\t\t\t<\/div>\n\t\t<\/div>\n\t\t\t\t\t<\/div>\n\t\t<\/section>\n\t\t\t\t<\/div>","protected":false},"excerpt":{"rendered":"<p>Politicas de cookies POL\u00cdTICA DE COOKIES 1. Como usamos cookies Utilizamos cookies no nosso site por v\u00e1rios motivos que poder\u00e1 ver mais tarde. Os cookies que usamos n\u00e3o armazenam informa\u00e7\u00f5es de identifica\u00e7\u00e3o pessoal e n\u00e3o podem danificar o seu computador. Queremos que o nosso site seja informativo, pessoal e amig\u00e1vel, e os cookies ajudam-nos a [&hellip;]<\/p>\n","protected":false},"author":1,"featured_media":0,"parent":0,"menu_order":0,"comment_status":"closed","ping_status":"closed","template":"","meta":{"_acf_changed":false,"footnotes":""},"class_list":["post-26005","page","type-page","status-publish","hentry"],"acf":[],"yoast_head":"<!-- This site is optimized with the Yoast SEO plugin v27.5 - https:\/\/yoast.com\/product\/yoast-seo-wordpress\/ -->\n<title>Pol\u00edtica de Cookies - Motorpor<\/title>\n<meta name=\"robots\" content=\"index, follow, max-snippet:-1, max-image-preview:large, max-video-preview:-1\" \/>\n<link rel=\"canonical\" href=\"https:\/\/motorpor.pt\/en\/politica-de-cookies\/\" \/>\n<meta property=\"og:locale\" content=\"en_US\" \/>\n<meta property=\"og:type\" content=\"article\" \/>\n<meta property=\"og:title\" content=\"Pol\u00edtica de Cookies - Motorpor\" \/>\n<meta property=\"og:description\" content=\"Politicas de cookies POL\u00cdTICA DE COOKIES 1. Como usamos cookies Utilizamos cookies no nosso site por v\u00e1rios motivos que poder\u00e1 ver mais tarde. Os cookies que usamos n\u00e3o armazenam informa\u00e7\u00f5es de identifica\u00e7\u00e3o pessoal e n\u00e3o podem danificar o seu computador. Queremos que o nosso site seja informativo, pessoal e amig\u00e1vel, e os cookies ajudam-nos a [&hellip;]\" \/>\n<meta property=\"og:url\" content=\"https:\/\/motorpor.pt\/en\/politica-de-cookies\/\" \/>\n<meta property=\"og:site_name\" content=\"Motorpor\" \/>\n<meta property=\"article:modified_time\" content=\"2023-03-22T18:03:39+00:00\" \/>\n<meta name=\"twitter:card\" content=\"summary_large_image\" \/>\n<meta name=\"twitter:label1\" content=\"Est. reading time\" \/>\n\t<meta name=\"twitter:data1\" content=\"2 minutes\" \/>\n<script type=\"application\/ld+json\" class=\"yoast-schema-graph\">{\"@context\":\"https:\\\/\\\/schema.org\",\"@graph\":[{\"@type\":\"WebPage\",\"@id\":\"https:\\\/\\\/motorpor.pt\\\/politica-de-cookies\\\/\",\"url\":\"https:\\\/\\\/motorpor.pt\\\/politica-de-cookies\\\/\",\"name\":\"Pol\u00edtica de Cookies - Motorpor\",\"isPartOf\":{\"@id\":\"https:\\\/\\\/motorpor.pt\\\/#website\"},\"datePublished\":\"2023-02-02T12:42:10+00:00\",\"dateModified\":\"2023-03-22T18:03:39+00:00\",\"breadcrumb\":{\"@id\":\"https:\\\/\\\/motorpor.pt\\\/politica-de-cookies\\\/#breadcrumb\"},\"inLanguage\":\"en-US\",\"potentialAction\":[{\"@type\":\"ReadAction\",\"target\":[\"https:\\\/\\\/motorpor.pt\\\/politica-de-cookies\\\/\"]}]},{\"@type\":\"BreadcrumbList\",\"@id\":\"https:\\\/\\\/motorpor.pt\\\/politica-de-cookies\\\/#breadcrumb\",\"itemListElement\":[{\"@type\":\"ListItem\",\"position\":1,\"name\":\"In\u00edcio\",\"item\":\"https:\\\/\\\/motorpor.pt\\\/\"},{\"@type\":\"ListItem\",\"position\":2,\"name\":\"Pol\u00edtica de Cookies\"}]},{\"@type\":\"WebSite\",\"@id\":\"https:\\\/\\\/motorpor.pt\\\/#website\",\"url\":\"https:\\\/\\\/motorpor.pt\\\/\",\"name\":\"Motorpor\",\"description\":\"Comercio de Autom\u00f3veis Multimarcas\",\"publisher\":{\"@id\":\"https:\\\/\\\/motorpor.pt\\\/#organization\"},\"potentialAction\":[{\"@type\":\"SearchAction\",\"target\":{\"@type\":\"EntryPoint\",\"urlTemplate\":\"https:\\\/\\\/motorpor.pt\\\/?s={search_term_string}\"},\"query-input\":{\"@type\":\"PropertyValueSpecification\",\"valueRequired\":true,\"valueName\":\"search_term_string\"}}],\"inLanguage\":\"en-US\"},{\"@type\":\"Organization\",\"@id\":\"https:\\\/\\\/motorpor.pt\\\/#organization\",\"name\":\"Motorpor\",\"alternateName\":\"Motorpor\",\"url\":\"https:\\\/\\\/motorpor.pt\\\/\",\"logo\":{\"@type\":\"ImageObject\",\"inLanguage\":\"en-US\",\"@id\":\"https:\\\/\\\/motorpor.pt\\\/#\\\/schema\\\/logo\\\/image\\\/\",\"url\":\"https:\\\/\\\/motorpor.pt\\\/wp-content\\\/uploads\\\/2024\\\/07\\\/Logo-Motorpor-Preto.svg\",\"contentUrl\":\"https:\\\/\\\/motorpor.pt\\\/wp-content\\\/uploads\\\/2024\\\/07\\\/Logo-Motorpor-Preto.svg\",\"width\":493,\"height\":93,\"caption\":\"Motorpor\"},\"image\":{\"@id\":\"https:\\\/\\\/motorpor.pt\\\/#\\\/schema\\\/logo\\\/image\\\/\"},\"sameAs\":[\"https:\\\/\\\/www.linkedin.com\\\/company\\\/grupo-motorpor\"]}]}<\/script>\n<!-- \/ Yoast SEO plugin. -->","yoast_head_json":{"title":"Pol\u00edtica de Cookies - Motorpor","robots":{"index":"index","follow":"follow","max-snippet":"max-snippet:-1","max-image-preview":"max-image-preview:large","max-video-preview":"max-video-preview:-1"},"canonical":"https:\/\/motorpor.pt\/en\/politica-de-cookies\/","og_locale":"en_US","og_type":"article","og_title":"Pol\u00edtica de Cookies - Motorpor","og_description":"Politicas de cookies POL\u00cdTICA DE COOKIES 1. Como usamos cookies Utilizamos cookies no nosso site por v\u00e1rios motivos que poder\u00e1 ver mais tarde. Os cookies que usamos n\u00e3o armazenam informa\u00e7\u00f5es de identifica\u00e7\u00e3o pessoal e n\u00e3o podem danificar o seu computador. Queremos que o nosso site seja informativo, pessoal e amig\u00e1vel, e os cookies ajudam-nos a [&hellip;]","og_url":"https:\/\/motorpor.pt\/en\/politica-de-cookies\/","og_site_name":"Motorpor","article_modified_time":"2023-03-22T18:03:39+00:00","twitter_card":"summary_large_image","twitter_misc":{"Est. reading time":"2 minutes"},"schema":{"@context":"https:\/\/schema.org","@graph":[{"@type":"WebPage","@id":"https:\/\/motorpor.pt\/politica-de-cookies\/","url":"https:\/\/motorpor.pt\/politica-de-cookies\/","name":"Pol\u00edtica de Cookies - Motorpor","isPartOf":{"@id":"https:\/\/motorpor.pt\/#website"},"datePublished":"2023-02-02T12:42:10+00:00","dateModified":"2023-03-22T18:03:39+00:00","breadcrumb":{"@id":"https:\/\/motorpor.pt\/politica-de-cookies\/#breadcrumb"},"inLanguage":"en-US","potentialAction":[{"@type":"ReadAction","target":["https:\/\/motorpor.pt\/politica-de-cookies\/"]}]},{"@type":"BreadcrumbList","@id":"https:\/\/motorpor.pt\/politica-de-cookies\/#breadcrumb","itemListElement":[{"@type":"ListItem","position":1,"name":"In\u00edcio","item":"https:\/\/motorpor.pt\/"},{"@type":"ListItem","position":2,"name":"Pol\u00edtica de Cookies"}]},{"@type":"WebSite","@id":"https:\/\/motorpor.pt\/#website","url":"https:\/\/motorpor.pt\/","name":"motorpor","description":"Comercio de Autom\u00f3veis Multimarcas","publisher":{"@id":"https:\/\/motorpor.pt\/#organization"},"potentialAction":[{"@type":"SearchAction","target":{"@type":"EntryPoint","urlTemplate":"https:\/\/motorpor.pt\/?s={search_term_string}"},"query-input":{"@type":"PropertyValueSpecification","valueRequired":true,"valueName":"search_term_string"}}],"inLanguage":"en-US"},{"@type":"Organization","@id":"https:\/\/motorpor.pt\/#organization","name":"motorpor","alternateName":"Motorpor","url":"https:\/\/motorpor.pt\/","logo":{"@type":"ImageObject","inLanguage":"en-US","@id":"https:\/\/motorpor.pt\/#\/schema\/logo\/image\/","url":"https:\/\/motorpor.pt\/wp-content\/uploads\/2024\/07\/Logo-Motorpor-Preto.svg","contentUrl":"https:\/\/motorpor.pt\/wp-content\/uploads\/2024\/07\/Logo-Motorpor-Preto.svg","width":493,"height":93,"caption":"Motorpor"},"image":{"@id":"https:\/\/motorpor.pt\/#\/schema\/logo\/image\/"},"sameAs":["https:\/\/www.linkedin.com\/company\/grupo-motorpor"]}]}},"_links":{"self":[{"href":"https:\/\/motorpor.pt\/en\/wp-json\/wp\/v2\/pages\/26005","targetHints":{"allow":["GET"]}}],"collection":[{"href":"https:\/\/motorpor.pt\/en\/wp-json\/wp\/v2\/pages"}],"about":[{"href":"https:\/\/motorpor.pt\/en\/wp-json\/wp\/v2\/types\/page"}],"author":[{"embeddable":true,"href":"https:\/\/motorpor.pt\/en\/wp-json\/wp\/v2\/users\/1"}],"replies":[{"embeddable":true,"href":"https:\/\/motorpor.pt\/en\/wp-json\/wp\/v2\/comments?post=26005"}],"version-history":[{"count":21,"href":"https:\/\/motorpor.pt\/en\/wp-json\/wp\/v2\/pages\/26005\/revisions"}],"predecessor-version":[{"id":35601,"href":"https:\/\/motorpor.pt\/en\/wp-json\/wp\/v2\/pages\/26005\/revisions\/35601"}],"wp:attachment":[{"href":"https:\/\/motorpor.pt\/en\/wp-json\/wp\/v2\/media?parent=26005"}],"curies":[{"name":"wp","href":"https:\/\/api.w.org\/{rel}","templated":true}]}}