{"id":40422,"date":"2023-06-13T09:37:47","date_gmt":"2023-06-13T09:37:47","guid":{"rendered":"https:\/\/motorpor.pt\/?page_id=40422"},"modified":"2023-06-22T17:28:02","modified_gmt":"2023-06-22T17:28:02","slug":"resolucao-de-litigios","status":"publish","type":"page","link":"https:\/\/motorpor.pt\/en\/resolucao-de-litigios\/","title":{"rendered":"Dispute Resolution"},"content":{"rendered":"<div data-elementor-type=\"wp-page\" data-elementor-id=\"40422\" class=\"elementor elementor-40422\" data-elementor-post-type=\"page\">\n\t\t\t\t\t\t<section class=\"has_eae_slider elementor-section elementor-top-section elementor-element elementor-element-3e34862 elementor-section-boxed elementor-section-height-default elementor-section-height-default\" data-eae-slider=\"28052\" data-id=\"3e34862\" data-element_type=\"section\" data-e-type=\"section\">\n\t\t\t\t\t\t<div class=\"elementor-container elementor-column-gap-default\">\n\t\t\t\t\t<div class=\"has_eae_slider elementor-column elementor-col-100 elementor-top-column elementor-element elementor-element-a201432\" data-eae-slider=\"34841\" data-id=\"a201432\" data-element_type=\"column\" data-e-type=\"column\">\n\t\t\t<div class=\"elementor-widget-wrap elementor-element-populated\">\n\t\t\t\t\t\t<div class=\"elementor-element elementor-element-12bf771 elementor-widget elementor-widget-spacer\" data-id=\"12bf771\" data-element_type=\"widget\" data-e-type=\"widget\" data-widget_type=\"spacer.default\">\n\t\t\t\t<div class=\"elementor-widget-container\">\n\t\t\t\t\t\t\t<div class=\"elementor-spacer\">\n\t\t\t<div class=\"elementor-spacer-inner\"><\/div>\n\t\t<\/div>\n\t\t\t\t\t\t<\/div>\n\t\t\t\t<\/div>\n\t\t\t\t<div class=\"elementor-element elementor-element-0e59cdc elementor-widget elementor-widget-text-editor\" data-id=\"0e59cdc\" data-element_type=\"widget\" data-e-type=\"widget\" data-widget_type=\"text-editor.default\">\n\t\t\t\t<div class=\"elementor-widget-container\">\n\t\t\t\t\t\t\t\t\t<p><span class=\"notion-enable-hover\" data-token-index=\"0\">Dispute Resolution<\/span><\/p>\t\t\t\t\t\t\t\t<\/div>\n\t\t\t\t<\/div>\n\t\t\t\t<div class=\"elementor-element elementor-element-91546d8 elementor-widget elementor-widget-spacer\" data-id=\"91546d8\" data-element_type=\"widget\" data-e-type=\"widget\" data-widget_type=\"spacer.default\">\n\t\t\t\t<div class=\"elementor-widget-container\">\n\t\t\t\t\t\t\t<div class=\"elementor-spacer\">\n\t\t\t<div class=\"elementor-spacer-inner\"><\/div>\n\t\t<\/div>\n\t\t\t\t\t\t<\/div>\n\t\t\t\t<\/div>\n\t\t\t\t<section class=\"has_eae_slider elementor-section elementor-inner-section elementor-element elementor-element-2607995 elementor-section-boxed elementor-section-height-default elementor-section-height-default\" data-eae-slider=\"93826\" data-id=\"2607995\" data-element_type=\"section\" data-e-type=\"section\">\n\t\t\t\t\t\t<div class=\"elementor-container elementor-column-gap-default\">\n\t\t\t\t\t<div class=\"has_eae_slider elementor-column elementor-col-100 elementor-inner-column elementor-element elementor-element-93ace24\" data-eae-slider=\"46513\" data-id=\"93ace24\" data-element_type=\"column\" data-e-type=\"column\">\n\t\t\t<div class=\"elementor-widget-wrap elementor-element-populated\">\n\t\t\t\t\t\t<div class=\"elementor-element elementor-element-459d589 elementor-widget elementor-widget-text-editor\" data-id=\"459d589\" data-element_type=\"widget\" data-e-type=\"widget\" data-widget_type=\"text-editor.default\">\n\t\t\t\t<div class=\"elementor-widget-container\">\n\t\t\t\t\t\t\t\t\t<ul><li><span class=\"notion-enable-hover\" style=\"font-weight: 600;\" data-token-index=\"0\">\u201c<\/span>Informa\u00e7\u00e3o ao Consumidor ao abrigo do disposto no artigo 18\u00ba da Lei n.\u00ba 144\/2015 de 8 de setembro: \u25e6 Grupo de empresas aderentes do Centro de Arbitragem do Sector Autom\u00f3vel (CASA), com s\u00edtio em\u00a0<a class=\"notion-link-token notion-focusable-token notion-enable-hover\" style=\"cursor: pointer; color: inherit; word-wrap: break-word; text-decoration: inherit;\" tabindex=\"0\" href=\"http:\/\/www.arbitragemauto.pt\/\" rel=\"noopener noreferrer\" data-token-index=\"2\"><span class=\"link-annotation-unknown-block-id-1579669817\" style=\"border-bottom: 0.05em solid; border-color: rgba(55,53,47,0.4); opacity: 0.7;\">www.arbitragemauto.pt<\/span><\/a>\u00a0e sede na Av. da Rep\u00fablica, 44 \u2013 3\u00ba Esquerdo, 1050-094 Lisboa.\u201d<\/li><\/ul>\t\t\t\t\t\t\t\t<\/div>\n\t\t\t\t<\/div>\n\t\t\t\t\t<\/div>\n\t\t<\/div>\n\t\t\t\t\t<\/div>\n\t\t<\/section>\n\t\t\t\t\t<\/div>\n\t\t<\/div>\n\t\t\t\t\t<\/div>\n\t\t<\/section>\n\t\t\t\t<\/div>","protected":false},"excerpt":{"rendered":"<p>Resolu\u00e7\u00e3o de Lit\u00edgios \u201cInforma\u00e7\u00e3o ao Consumidor ao abrigo do disposto no artigo 18\u00ba da Lei n.\u00ba 144\/2015 de 8 de setembro: \u25e6 Grupo de empresas aderentes do Centro de Arbitragem do Sector Autom\u00f3vel (CASA), com s\u00edtio em\u00a0www.arbitragemauto.pt\u00a0e sede na Av. da Rep\u00fablica, 44 \u2013 3\u00ba Esquerdo, 1050-094 Lisboa.\u201d<\/p>","protected":false},"author":1,"featured_media":0,"parent":0,"menu_order":0,"comment_status":"closed","ping_status":"closed","template":"","meta":{"_acf_changed":false,"footnotes":""},"class_list":["post-40422","page","type-page","status-publish","hentry"],"acf":[],"yoast_head":"<!-- This site is optimized with the Yoast SEO plugin v27.5 - https:\/\/yoast.com\/product\/yoast-seo-wordpress\/ -->\n<title>Resolu\u00e7\u00e3o de Lit\u00edgios - Motorpor<\/title>\n<meta name=\"robots\" content=\"index, follow, max-snippet:-1, max-image-preview:large, max-video-preview:-1\" \/>\n<link rel=\"canonical\" href=\"https:\/\/motorpor.pt\/en\/resolucao-de-litigios\/\" \/>\n<meta property=\"og:locale\" content=\"en_US\" \/>\n<meta property=\"og:type\" content=\"article\" \/>\n<meta property=\"og:title\" content=\"Resolu\u00e7\u00e3o de Lit\u00edgios - Motorpor\" \/>\n<meta property=\"og:description\" content=\"Resolu\u00e7\u00e3o de Lit\u00edgios \u201cInforma\u00e7\u00e3o ao Consumidor ao abrigo do disposto no artigo 18\u00ba da Lei n.\u00ba 144\/2015 de 8 de setembro: \u25e6 Grupo de empresas aderentes do Centro de Arbitragem do Sector Autom\u00f3vel (CASA), com s\u00edtio em\u00a0www.arbitragemauto.pt\u00a0e sede na Av. da Rep\u00fablica, 44 \u2013 3\u00ba Esquerdo, 1050-094 Lisboa.\u201d\" \/>\n<meta property=\"og:url\" content=\"https:\/\/motorpor.pt\/en\/resolucao-de-litigios\/\" \/>\n<meta property=\"og:site_name\" content=\"Motorpor\" \/>\n<meta property=\"article:modified_time\" content=\"2023-06-22T17:28:02+00:00\" \/>\n<meta name=\"twitter:card\" content=\"summary_large_image\" \/>\n<meta name=\"twitter:label1\" content=\"Est. reading time\" \/>\n\t<meta name=\"twitter:data1\" content=\"1 minute\" \/>\n<script type=\"application\/ld+json\" class=\"yoast-schema-graph\">{\"@context\":\"https:\\\/\\\/schema.org\",\"@graph\":[{\"@type\":\"WebPage\",\"@id\":\"https:\\\/\\\/motorpor.pt\\\/resolucao-de-litigios\\\/\",\"url\":\"https:\\\/\\\/motorpor.pt\\\/resolucao-de-litigios\\\/\",\"name\":\"Resolu\u00e7\u00e3o de Lit\u00edgios - Motorpor\",\"isPartOf\":{\"@id\":\"https:\\\/\\\/motorpor.pt\\\/#website\"},\"datePublished\":\"2023-06-13T09:37:47+00:00\",\"dateModified\":\"2023-06-22T17:28:02+00:00\",\"breadcrumb\":{\"@id\":\"https:\\\/\\\/motorpor.pt\\\/resolucao-de-litigios\\\/#breadcrumb\"},\"inLanguage\":\"en-US\",\"potentialAction\":[{\"@type\":\"ReadAction\",\"target\":[\"https:\\\/\\\/motorpor.pt\\\/resolucao-de-litigios\\\/\"]}]},{\"@type\":\"BreadcrumbList\",\"@id\":\"https:\\\/\\\/motorpor.pt\\\/resolucao-de-litigios\\\/#breadcrumb\",\"itemListElement\":[{\"@type\":\"ListItem\",\"position\":1,\"name\":\"In\u00edcio\",\"item\":\"https:\\\/\\\/motorpor.pt\\\/\"},{\"@type\":\"ListItem\",\"position\":2,\"name\":\"Resolu\u00e7\u00e3o de Lit\u00edgios\"}]},{\"@type\":\"WebSite\",\"@id\":\"https:\\\/\\\/motorpor.pt\\\/#website\",\"url\":\"https:\\\/\\\/motorpor.pt\\\/\",\"name\":\"Motorpor\",\"description\":\"Comercio de Autom\u00f3veis Multimarcas\",\"publisher\":{\"@id\":\"https:\\\/\\\/motorpor.pt\\\/#organization\"},\"potentialAction\":[{\"@type\":\"SearchAction\",\"target\":{\"@type\":\"EntryPoint\",\"urlTemplate\":\"https:\\\/\\\/motorpor.pt\\\/?s={search_term_string}\"},\"query-input\":{\"@type\":\"PropertyValueSpecification\",\"valueRequired\":true,\"valueName\":\"search_term_string\"}}],\"inLanguage\":\"en-US\"},{\"@type\":\"Organization\",\"@id\":\"https:\\\/\\\/motorpor.pt\\\/#organization\",\"name\":\"Motorpor\",\"alternateName\":\"Motorpor\",\"url\":\"https:\\\/\\\/motorpor.pt\\\/\",\"logo\":{\"@type\":\"ImageObject\",\"inLanguage\":\"en-US\",\"@id\":\"https:\\\/\\\/motorpor.pt\\\/#\\\/schema\\\/logo\\\/image\\\/\",\"url\":\"https:\\\/\\\/motorpor.pt\\\/wp-content\\\/uploads\\\/2024\\\/07\\\/Logo-Motorpor-Preto.svg\",\"contentUrl\":\"https:\\\/\\\/motorpor.pt\\\/wp-content\\\/uploads\\\/2024\\\/07\\\/Logo-Motorpor-Preto.svg\",\"width\":493,\"height\":93,\"caption\":\"Motorpor\"},\"image\":{\"@id\":\"https:\\\/\\\/motorpor.pt\\\/#\\\/schema\\\/logo\\\/image\\\/\"},\"sameAs\":[\"https:\\\/\\\/www.linkedin.com\\\/company\\\/grupo-motorpor\"]}]}<\/script>\n<!-- \/ Yoast SEO plugin. -->","yoast_head_json":{"title":"Resolu\u00e7\u00e3o de Lit\u00edgios - Motorpor","robots":{"index":"index","follow":"follow","max-snippet":"max-snippet:-1","max-image-preview":"max-image-preview:large","max-video-preview":"max-video-preview:-1"},"canonical":"https:\/\/motorpor.pt\/en\/resolucao-de-litigios\/","og_locale":"en_US","og_type":"article","og_title":"Resolu\u00e7\u00e3o de Lit\u00edgios - Motorpor","og_description":"Resolu\u00e7\u00e3o de Lit\u00edgios \u201cInforma\u00e7\u00e3o ao Consumidor ao abrigo do disposto no artigo 18\u00ba da Lei n.\u00ba 144\/2015 de 8 de setembro: \u25e6 Grupo de empresas aderentes do Centro de Arbitragem do Sector Autom\u00f3vel (CASA), com s\u00edtio em\u00a0www.arbitragemauto.pt\u00a0e sede na Av. da Rep\u00fablica, 44 \u2013 3\u00ba Esquerdo, 1050-094 Lisboa.\u201d","og_url":"https:\/\/motorpor.pt\/en\/resolucao-de-litigios\/","og_site_name":"Motorpor","article_modified_time":"2023-06-22T17:28:02+00:00","twitter_card":"summary_large_image","twitter_misc":{"Est. reading time":"1 minute"},"schema":{"@context":"https:\/\/schema.org","@graph":[{"@type":"WebPage","@id":"https:\/\/motorpor.pt\/resolucao-de-litigios\/","url":"https:\/\/motorpor.pt\/resolucao-de-litigios\/","name":"Resolu\u00e7\u00e3o de Lit\u00edgios - Motorpor","isPartOf":{"@id":"https:\/\/motorpor.pt\/#website"},"datePublished":"2023-06-13T09:37:47+00:00","dateModified":"2023-06-22T17:28:02+00:00","breadcrumb":{"@id":"https:\/\/motorpor.pt\/resolucao-de-litigios\/#breadcrumb"},"inLanguage":"en-US","potentialAction":[{"@type":"ReadAction","target":["https:\/\/motorpor.pt\/resolucao-de-litigios\/"]}]},{"@type":"BreadcrumbList","@id":"https:\/\/motorpor.pt\/resolucao-de-litigios\/#breadcrumb","itemListElement":[{"@type":"ListItem","position":1,"name":"In\u00edcio","item":"https:\/\/motorpor.pt\/"},{"@type":"ListItem","position":2,"name":"Resolu\u00e7\u00e3o de Lit\u00edgios"}]},{"@type":"WebSite","@id":"https:\/\/motorpor.pt\/#website","url":"https:\/\/motorpor.pt\/","name":"motorpor","description":"Comercio de Autom\u00f3veis Multimarcas","publisher":{"@id":"https:\/\/motorpor.pt\/#organization"},"potentialAction":[{"@type":"SearchAction","target":{"@type":"EntryPoint","urlTemplate":"https:\/\/motorpor.pt\/?s={search_term_string}"},"query-input":{"@type":"PropertyValueSpecification","valueRequired":true,"valueName":"search_term_string"}}],"inLanguage":"en-US"},{"@type":"Organization","@id":"https:\/\/motorpor.pt\/#organization","name":"motorpor","alternateName":"Motorpor","url":"https:\/\/motorpor.pt\/","logo":{"@type":"ImageObject","inLanguage":"en-US","@id":"https:\/\/motorpor.pt\/#\/schema\/logo\/image\/","url":"https:\/\/motorpor.pt\/wp-content\/uploads\/2024\/07\/Logo-Motorpor-Preto.svg","contentUrl":"https:\/\/motorpor.pt\/wp-content\/uploads\/2024\/07\/Logo-Motorpor-Preto.svg","width":493,"height":93,"caption":"Motorpor"},"image":{"@id":"https:\/\/motorpor.pt\/#\/schema\/logo\/image\/"},"sameAs":["https:\/\/www.linkedin.com\/company\/grupo-motorpor"]}]}},"_links":{"self":[{"href":"https:\/\/motorpor.pt\/en\/wp-json\/wp\/v2\/pages\/40422","targetHints":{"allow":["GET"]}}],"collection":[{"href":"https:\/\/motorpor.pt\/en\/wp-json\/wp\/v2\/pages"}],"about":[{"href":"https:\/\/motorpor.pt\/en\/wp-json\/wp\/v2\/types\/page"}],"author":[{"embeddable":true,"href":"https:\/\/motorpor.pt\/en\/wp-json\/wp\/v2\/users\/1"}],"replies":[{"embeddable":true,"href":"https:\/\/motorpor.pt\/en\/wp-json\/wp\/v2\/comments?post=40422"}],"version-history":[{"count":10,"href":"https:\/\/motorpor.pt\/en\/wp-json\/wp\/v2\/pages\/40422\/revisions"}],"predecessor-version":[{"id":41083,"href":"https:\/\/motorpor.pt\/en\/wp-json\/wp\/v2\/pages\/40422\/revisions\/41083"}],"wp:attachment":[{"href":"https:\/\/motorpor.pt\/en\/wp-json\/wp\/v2\/media?parent=40422"}],"curies":[{"name":"wp","href":"https:\/\/api.w.org\/{rel}","templated":true}]}}