{"id":41619,"date":"2023-07-04T16:33:16","date_gmt":"2023-07-04T16:33:16","guid":{"rendered":"https:\/\/motorpor.pt\/?page_id=41619"},"modified":"2023-07-05T09:23:09","modified_gmt":"2023-07-05T09:23:09","slug":"renault-pro","status":"publish","type":"page","link":"https:\/\/motorpor.pt\/en\/renault-pro\/","title":{"rendered":"Renault pro +"},"content":{"rendered":"<div data-elementor-type=\"wp-page\" data-elementor-id=\"41619\" class=\"elementor elementor-41619\" data-elementor-post-type=\"page\">\n\t\t\t\t\t\t<section class=\"has_eae_slider elementor-section elementor-top-section elementor-element elementor-element-1ef9f3e elementor-section-height-min-height elementor-section-boxed elementor-section-height-default elementor-section-items-middle\" data-eae-slider=\"8336\" data-id=\"1ef9f3e\" data-element_type=\"section\" data-e-type=\"section\" data-settings=\"{&quot;background_background&quot;:&quot;classic&quot;}\">\n\t\t\t\t\t\t<div class=\"elementor-container elementor-column-gap-default\">\n\t\t\t\t\t<div class=\"has_eae_slider elementor-column elementor-col-100 elementor-top-column elementor-element elementor-element-b61f480\" data-eae-slider=\"35388\" data-id=\"b61f480\" data-element_type=\"column\" data-e-type=\"column\">\n\t\t\t<div class=\"elementor-widget-wrap elementor-element-populated\">\n\t\t\t\t\t\t<div class=\"elementor-element elementor-element-f5b862b elementor-widget elementor-widget-heading\" data-id=\"f5b862b\" data-element_type=\"widget\" data-e-type=\"widget\" data-widget_type=\"heading.default\">\n\t\t\t\t<div class=\"elementor-widget-container\">\n\t\t\t\t\t<h1 class=\"elementor-heading-title elementor-size-default\">Renault pro +<\/h1>\t\t\t\t<\/div>\n\t\t\t\t<\/div>\n\t\t\t\t<div class=\"elementor-element elementor-element-6840ee5 elementor-widget elementor-widget-text-editor\" data-id=\"6840ee5\" data-element_type=\"widget\" data-e-type=\"widget\" data-widget_type=\"text-editor.default\">\n\t\t\t\t<div class=\"elementor-widget-container\">\n\t\t\t\t\t\t\t\t\t<p><span class=\"notion-enable-hover\" data-token-index=\"0\">O ve\u00edculo perfeito para a sua atividade profissional<\/span><\/p>\t\t\t\t\t\t\t\t<\/div>\n\t\t\t\t<\/div>\n\t\t\t\t\t<\/div>\n\t\t<\/div>\n\t\t\t\t\t<\/div>\n\t\t<\/section>\n\t\t\t\t<section class=\"has_eae_slider elementor-section elementor-top-section elementor-element elementor-element-a8613e4 elementor-section-boxed elementor-section-height-default elementor-section-height-default\" data-eae-slider=\"26496\" data-id=\"a8613e4\" data-element_type=\"section\" data-e-type=\"section\">\n\t\t\t\t\t\t<div class=\"elementor-container elementor-column-gap-default\">\n\t\t\t\t\t<div class=\"has_eae_slider elementor-column elementor-col-100 elementor-top-column elementor-element elementor-element-6441289\" data-eae-slider=\"71892\" data-id=\"6441289\" data-element_type=\"column\" data-e-type=\"column\">\n\t\t\t<div class=\"elementor-widget-wrap elementor-element-populated\">\n\t\t\t\t\t\t<div class=\"elementor-element elementor-element-79f82c5 elementor-widget elementor-widget-spacer\" data-id=\"79f82c5\" data-element_type=\"widget\" data-e-type=\"widget\" data-widget_type=\"spacer.default\">\n\t\t\t\t<div class=\"elementor-widget-container\">\n\t\t\t\t\t\t\t<div class=\"elementor-spacer\">\n\t\t\t<div class=\"elementor-spacer-inner\"><\/div>\n\t\t<\/div>\n\t\t\t\t\t\t<\/div>\n\t\t\t\t<\/div>\n\t\t\t\t\t<\/div>\n\t\t<\/div>\n\t\t\t\t\t<\/div>\n\t\t<\/section>\n\t\t\t\t<section class=\"has_eae_slider elementor-section elementor-top-section elementor-element elementor-element-29f59ea elementor-section-boxed elementor-section-height-default elementor-section-height-default\" data-eae-slider=\"45733\" data-id=\"29f59ea\" data-element_type=\"section\" data-e-type=\"section\">\n\t\t\t\t\t\t<div class=\"elementor-container elementor-column-gap-default\">\n\t\t\t\t\t<div class=\"has_eae_slider elementor-column elementor-col-100 elementor-top-column elementor-element elementor-element-663456c\" data-eae-slider=\"40756\" data-id=\"663456c\" data-element_type=\"column\" data-e-type=\"column\">\n\t\t\t<div class=\"elementor-widget-wrap elementor-element-populated\">\n\t\t\t\t\t\t<div class=\"elementor-element elementor-element-b1195ac marcaroficina elementor-widget elementor-widget-heading\" data-id=\"b1195ac\" data-element_type=\"widget\" data-e-type=\"widget\" data-widget_type=\"heading.default\">\n\t\t\t\t<div class=\"elementor-widget-container\">\n\t\t\t\t\t<h2 class=\"elementor-heading-title elementor-size-default\">RENAULT PRO+ tem sempre a solu\u00e7\u00e3o ideal para si, seja qual a dimens\u00e3o e a \u00e1rea do seu neg\u00f3cio.<\/h2>\t\t\t\t<\/div>\n\t\t\t\t<\/div>\n\t\t\t\t<div class=\"elementor-element elementor-element-e06c7e4 elementor-widget elementor-widget-text-editor\" data-id=\"e06c7e4\" data-element_type=\"widget\" data-e-type=\"widget\" data-widget_type=\"text-editor.default\">\n\t\t\t\t<div class=\"elementor-widget-container\">\n\t\t\t\t\t\t\t\t\t<p>Uma solu\u00e7\u00e3o que come\u00e7a na escolha e aconselhamento dos ve\u00edculos que melhor se adaptam \u00e0s suas necessidades espec\u00edficas, que se estende \u00e0 defini\u00e7\u00e3o dos melhores e mais competitivos produtos financeiros e que garante a manuten\u00e7\u00e3o e assist\u00eancia dos seus ve\u00edculos, sempre com o atendimento exclusivo e personalizado de conselheiros especializados.<\/p><p>Por tudo isto, se para si e para a sua empresa a mobilidade \u00e9 fundamental, contacte hoje mesmo a RENAULT PRO+ e comprove que a nossa disponibilidade \u00e9 total para que possa libertar mais tempo para os seus neg\u00f3cios.<\/p>\t\t\t\t\t\t\t\t<\/div>\n\t\t\t\t<\/div>\n\t\t\t\t\t<\/div>\n\t\t<\/div>\n\t\t\t\t\t<\/div>\n\t\t<\/section>\n\t\t\t\t<section class=\"has_eae_slider elementor-section elementor-top-section elementor-element elementor-element-25309bc elementor-section-boxed elementor-section-height-default elementor-section-height-default\" data-eae-slider=\"52621\" data-id=\"25309bc\" data-element_type=\"section\" data-e-type=\"section\">\n\t\t\t\t\t\t<div class=\"elementor-container elementor-column-gap-default\">\n\t\t\t\t\t<div class=\"has_eae_slider elementor-column elementor-col-100 elementor-top-column elementor-element elementor-element-2d7866f\" data-eae-slider=\"70605\" data-id=\"2d7866f\" data-element_type=\"column\" data-e-type=\"column\">\n\t\t\t<div class=\"elementor-widget-wrap elementor-element-populated\">\n\t\t\t\t\t\t<div class=\"elementor-element elementor-element-34dfe62 elementor-widget elementor-widget-spacer\" data-id=\"34dfe62\" data-element_type=\"widget\" data-e-type=\"widget\" data-widget_type=\"spacer.default\">\n\t\t\t\t<div class=\"elementor-widget-container\">\n\t\t\t\t\t\t\t<div class=\"elementor-spacer\">\n\t\t\t<div class=\"elementor-spacer-inner\"><\/div>\n\t\t<\/div>\n\t\t\t\t\t\t<\/div>\n\t\t\t\t<\/div>\n\t\t\t\t\t<\/div>\n\t\t<\/div>\n\t\t\t\t\t<\/div>\n\t\t<\/section>\n\t\t\t\t<section class=\"has_eae_slider elementor-section elementor-top-section elementor-element elementor-element-b843ba8 elementor-section-boxed elementor-section-height-default elementor-section-height-default\" data-eae-slider=\"9601\" data-id=\"b843ba8\" data-element_type=\"section\" data-e-type=\"section\">\n\t\t\t\t\t\t<div class=\"elementor-container elementor-column-gap-default\">\n\t\t\t\t\t<div class=\"has_eae_slider elementor-column elementor-col-100 elementor-top-column elementor-element elementor-element-08a633f\" data-eae-slider=\"82221\" data-id=\"08a633f\" data-element_type=\"column\" data-e-type=\"column\">\n\t\t\t<div class=\"elementor-widget-wrap elementor-element-populated\">\n\t\t\t\t\t\t<div class=\"elementor-element elementor-element-98ce415 marcaroficina elementor-widget elementor-widget-heading\" data-id=\"98ce415\" data-element_type=\"widget\" data-e-type=\"widget\" data-widget_type=\"heading.default\">\n\t\t\t\t<div class=\"elementor-widget-container\">\n\t\t\t\t\t<h2 class=\"elementor-heading-title elementor-size-default\">OS NOSSOS 12 COMPROMISSOS PRO+<\/h2>\t\t\t\t<\/div>\n\t\t\t\t<\/div>\n\t\t\t\t<section class=\"has_eae_slider elementor-section elementor-inner-section elementor-element elementor-element-d2a2589 elementor-section-boxed elementor-section-height-default elementor-section-height-default\" data-eae-slider=\"56366\" data-id=\"d2a2589\" data-element_type=\"section\" data-e-type=\"section\">\n\t\t\t\t\t\t<div class=\"elementor-container elementor-column-gap-default\">\n\t\t\t\t\t<div class=\"has_eae_slider elementor-column elementor-col-50 elementor-inner-column elementor-element elementor-element-12ccade\" data-eae-slider=\"64861\" data-id=\"12ccade\" data-element_type=\"column\" data-e-type=\"column\">\n\t\t\t<div class=\"elementor-widget-wrap elementor-element-populated\">\n\t\t\t\t\t\t<div class=\"elementor-element elementor-element-6868fb7 elementor-widget elementor-widget-text-editor\" data-id=\"6868fb7\" data-element_type=\"widget\" data-e-type=\"widget\" data-widget_type=\"text-editor.default\">\n\t\t\t\t<div class=\"elementor-widget-container\">\n\t\t\t\t\t\t\t\t\t<ul class=\"pro-li\"><li>01 Espa\u00e7o de venda e p\u00f3s-venda para clientes profissionais.<\/li><li>02 Equipas de venda e p\u00f3s-venda especializadas em ve\u00edculos comerciais.<\/li><li>03 Exposi\u00e7\u00e3o de ve\u00edculos comerciais, incluindo ve\u00edculos transformados.<\/li><li>04 Proposta sistem\u00e1tica de ensaio com marca\u00e7\u00e3o para ve\u00edculos de passageiros e comerciais de s\u00e9rie*. <br \/>\u00a0 \u00a0 \u00a0 \u00a0Exceto no caso de ve\u00edculos transformados ou de kits t\u00e9cnicos n\u00e3o padronizados<\/li><\/ul><ul class=\"pro-li\"><li>05 Proposta comercial em 48h, respondendo \u00e0s necessidades espec\u00edficas do cliente profissional.<\/li><li>06 Apresenta\u00e7\u00e3o de um interlocutor p\u00f3s-venda desde a entrega do ve\u00edculo.<\/li><li>07 Assist\u00eancia a ve\u00edculos profissionais at\u00e9 6,5t.<\/li><li>08 Hor\u00e1rios de oficina alargados para os clientes profissionais.<\/li><li>09 Diagn\u00f3stico r\u00e1pido em caso de risco de avaria imobilizante.<\/li><li>10 Servi\u00e7os r\u00e1pidos realizados nas 8h seguintes, sem marca\u00e7\u00e3o pr\u00e9via.<\/li><li>11 Entrega em 4h de uma estimativa de pre\u00e7o e de prazo para todas as repara\u00e7\u00f5es.<\/li><li>12 Proposta de aluguer de ve\u00edculo de substitui\u00e7\u00e3o.\u201d<\/li><\/ul>\t\t\t\t\t\t\t\t<\/div>\n\t\t\t\t<\/div>\n\t\t\t\t\t<\/div>\n\t\t<\/div>\n\t\t\t\t<div class=\"has_eae_slider elementor-column elementor-col-50 elementor-inner-column elementor-element elementor-element-c8c3cfe\" data-eae-slider=\"7751\" data-id=\"c8c3cfe\" data-element_type=\"column\" data-e-type=\"column\">\n\t\t\t<div class=\"elementor-widget-wrap elementor-element-populated\">\n\t\t\t\t\t\t<div class=\"elementor-element elementor-element-0ade2ee elementor-widget elementor-widget-image\" data-id=\"0ade2ee\" data-element_type=\"widget\" data-e-type=\"widget\" data-widget_type=\"image.default\">\n\t\t\t\t<div class=\"elementor-widget-container\">\n\t\t\t\t\t\t\t\t\t\t\t\t\t\t\t<img decoding=\"async\" src=\"https:\/\/motorpor.pt\/wp-content\/uploads\/elementor\/thumbs\/c6502f10ce-q8ykppmd7tccx101e4la2h7alj0fqgpqn1mkol3qww.jpg\" title=\"c6502f10ce\" alt=\"c6502f10ce\" loading=\"lazy\" \/>\t\t\t\t\t\t\t\t\t\t\t\t\t\t\t<\/div>\n\t\t\t\t<\/div>\n\t\t\t\t\t<\/div>\n\t\t<\/div>\n\t\t\t\t\t<\/div>\n\t\t<\/section>\n\t\t\t\t\t<\/div>\n\t\t<\/div>\n\t\t\t\t\t<\/div>\n\t\t<\/section>\n\t\t\t\t<section class=\"has_eae_slider elementor-section elementor-top-section elementor-element elementor-element-36088f4 elementor-section-boxed elementor-section-height-default elementor-section-height-default\" data-eae-slider=\"79317\" data-id=\"36088f4\" data-element_type=\"section\" data-e-type=\"section\" data-settings=\"{&quot;background_background&quot;:&quot;classic&quot;}\">\n\t\t\t\t\t\t<div class=\"elementor-container elementor-column-gap-default\">\n\t\t\t\t\t<div class=\"has_eae_slider elementor-column elementor-col-100 elementor-top-column elementor-element elementor-element-3afc840\" data-eae-slider=\"84623\" data-id=\"3afc840\" data-element_type=\"column\" data-e-type=\"column\" data-settings=\"{&quot;background_background&quot;:&quot;classic&quot;}\">\n\t\t\t<div class=\"elementor-widget-wrap elementor-element-populated\">\n\t\t\t\t\t\t<div class=\"elementor-element elementor-element-43ae889 elementor-widget elementor-widget-heading\" data-id=\"43ae889\" data-element_type=\"widget\" data-e-type=\"widget\" data-widget_type=\"heading.default\">\n\t\t\t\t<div class=\"elementor-widget-container\">\n\t\t\t\t\t<h3 class=\"elementor-heading-title elementor-size-default\">Escolha o seu novo ve\u00edculo profissional<\/h3>\t\t\t\t<\/div>\n\t\t\t\t<\/div>\n\t\t\t\t<div class=\"elementor-element elementor-element-e40343a elementor-align-center elementor-widget elementor-widget-button\" data-id=\"e40343a\" data-element_type=\"widget\" data-e-type=\"widget\" data-widget_type=\"button.default\">\n\t\t\t\t<div class=\"elementor-widget-container\">\n\t\t\t\t\t\t\t\t\t<div class=\"elementor-button-wrapper\">\n\t\t\t\t\t<a class=\"elementor-button elementor-button-link elementor-size-xs\" href=\"https:\/\/profissionais.renault.pt\/#renault-pro-mais\" target=\"_blank\">\n\t\t\t\t\t\t<span class=\"elementor-button-content-wrapper\">\n\t\t\t\t\t\t\t\t\t<span class=\"elementor-button-text\">Descubra a Renault Pro+<\/span>\n\t\t\t\t\t<\/span>\n\t\t\t\t\t<\/a>\n\t\t\t\t<\/div>\n\t\t\t\t\t\t\t\t<\/div>\n\t\t\t\t<\/div>\n\t\t\t\t\t<\/div>\n\t\t<\/div>\n\t\t\t\t\t<\/div>\n\t\t<\/section>\n\t\t\t\t<\/div>","protected":false},"excerpt":{"rendered":"<p>Renault pro + O ve\u00edculo perfeito para a sua atividade profissional RENAULT PRO+ tem sempre a solu\u00e7\u00e3o ideal para si, seja qual a dimens\u00e3o e a \u00e1rea do seu neg\u00f3cio. Uma solu\u00e7\u00e3o que come\u00e7a na escolha e aconselhamento dos ve\u00edculos que melhor se adaptam \u00e0s suas necessidades espec\u00edficas, que se estende \u00e0 defini\u00e7\u00e3o dos melhores [&hellip;]<\/p>\n","protected":false},"author":1,"featured_media":0,"parent":0,"menu_order":0,"comment_status":"closed","ping_status":"closed","template":"","meta":{"_acf_changed":false,"footnotes":""},"class_list":["post-41619","page","type-page","status-publish","hentry"],"acf":[],"yoast_head":"<!-- This site is optimized with the Yoast SEO plugin v27.3 - https:\/\/yoast.com\/product\/yoast-seo-wordpress\/ -->\n<title>Renault pro + - Motorpor<\/title>\n<meta name=\"robots\" content=\"index, follow, max-snippet:-1, max-image-preview:large, max-video-preview:-1\" \/>\n<link rel=\"canonical\" href=\"https:\/\/motorpor.pt\/en\/renault-pro\/\" \/>\n<meta property=\"og:locale\" content=\"en_US\" \/>\n<meta property=\"og:type\" content=\"article\" \/>\n<meta property=\"og:title\" content=\"Renault pro + - Motorpor\" \/>\n<meta property=\"og:description\" content=\"Renault pro + O ve\u00edculo perfeito para a sua atividade profissional RENAULT PRO+ tem sempre a solu\u00e7\u00e3o ideal para si, seja qual a dimens\u00e3o e a \u00e1rea do seu neg\u00f3cio. Uma solu\u00e7\u00e3o que come\u00e7a na escolha e aconselhamento dos ve\u00edculos que melhor se adaptam \u00e0s suas necessidades espec\u00edficas, que se estende \u00e0 defini\u00e7\u00e3o dos melhores [&hellip;]\" \/>\n<meta property=\"og:url\" content=\"https:\/\/motorpor.pt\/en\/renault-pro\/\" \/>\n<meta property=\"og:site_name\" content=\"Motorpor\" \/>\n<meta property=\"article:modified_time\" content=\"2023-07-05T09:23:09+00:00\" \/>\n<meta property=\"og:image\" content=\"https:\/\/motorpor.pt\/wp-content\/uploads\/elementor\/thumbs\/c6502f10ce-q8ykppmd7tccx101e4la2h7alj0fqgpqn1mkol3qww.jpg\" \/>\n<meta name=\"twitter:card\" content=\"summary_large_image\" \/>\n<meta name=\"twitter:label1\" content=\"Est. reading time\" \/>\n\t<meta name=\"twitter:data1\" content=\"2 minutes\" \/>\n<script type=\"application\/ld+json\" class=\"yoast-schema-graph\">{\"@context\":\"https:\\\/\\\/schema.org\",\"@graph\":[{\"@type\":\"WebPage\",\"@id\":\"https:\\\/\\\/motorpor.pt\\\/renault-pro\\\/\",\"url\":\"https:\\\/\\\/motorpor.pt\\\/renault-pro\\\/\",\"name\":\"Renault pro + - Motorpor\",\"isPartOf\":{\"@id\":\"https:\\\/\\\/motorpor.pt\\\/#website\"},\"primaryImageOfPage\":{\"@id\":\"https:\\\/\\\/motorpor.pt\\\/renault-pro\\\/#primaryimage\"},\"image\":{\"@id\":\"https:\\\/\\\/motorpor.pt\\\/renault-pro\\\/#primaryimage\"},\"thumbnailUrl\":\"https:\\\/\\\/motorpor.pt\\\/wp-content\\\/uploads\\\/elementor\\\/thumbs\\\/c6502f10ce-q8ykppmd7tccx101e4la2h7alj0fqgpqn1mkol3qww.jpg\",\"datePublished\":\"2023-07-04T16:33:16+00:00\",\"dateModified\":\"2023-07-05T09:23:09+00:00\",\"breadcrumb\":{\"@id\":\"https:\\\/\\\/motorpor.pt\\\/renault-pro\\\/#breadcrumb\"},\"inLanguage\":\"en-US\",\"potentialAction\":[{\"@type\":\"ReadAction\",\"target\":[\"https:\\\/\\\/motorpor.pt\\\/renault-pro\\\/\"]}]},{\"@type\":\"ImageObject\",\"inLanguage\":\"en-US\",\"@id\":\"https:\\\/\\\/motorpor.pt\\\/renault-pro\\\/#primaryimage\",\"url\":\"https:\\\/\\\/motorpor.pt\\\/wp-content\\\/uploads\\\/elementor\\\/thumbs\\\/c6502f10ce-q8ykppmd7tccx101e4la2h7alj0fqgpqn1mkol3qww.jpg\",\"contentUrl\":\"https:\\\/\\\/motorpor.pt\\\/wp-content\\\/uploads\\\/elementor\\\/thumbs\\\/c6502f10ce-q8ykppmd7tccx101e4la2h7alj0fqgpqn1mkol3qww.jpg\"},{\"@type\":\"BreadcrumbList\",\"@id\":\"https:\\\/\\\/motorpor.pt\\\/renault-pro\\\/#breadcrumb\",\"itemListElement\":[{\"@type\":\"ListItem\",\"position\":1,\"name\":\"In\u00edcio\",\"item\":\"https:\\\/\\\/motorpor.pt\\\/\"},{\"@type\":\"ListItem\",\"position\":2,\"name\":\"Renault pro +\"}]},{\"@type\":\"WebSite\",\"@id\":\"https:\\\/\\\/motorpor.pt\\\/#website\",\"url\":\"https:\\\/\\\/motorpor.pt\\\/\",\"name\":\"Motorpor\",\"description\":\"Comercio de Autom\u00f3veis Multimarcas\",\"publisher\":{\"@id\":\"https:\\\/\\\/motorpor.pt\\\/#organization\"},\"potentialAction\":[{\"@type\":\"SearchAction\",\"target\":{\"@type\":\"EntryPoint\",\"urlTemplate\":\"https:\\\/\\\/motorpor.pt\\\/?s={search_term_string}\"},\"query-input\":{\"@type\":\"PropertyValueSpecification\",\"valueRequired\":true,\"valueName\":\"search_term_string\"}}],\"inLanguage\":\"en-US\"},{\"@type\":\"Organization\",\"@id\":\"https:\\\/\\\/motorpor.pt\\\/#organization\",\"name\":\"Motorpor\",\"alternateName\":\"Motorpor\",\"url\":\"https:\\\/\\\/motorpor.pt\\\/\",\"logo\":{\"@type\":\"ImageObject\",\"inLanguage\":\"en-US\",\"@id\":\"https:\\\/\\\/motorpor.pt\\\/#\\\/schema\\\/logo\\\/image\\\/\",\"url\":\"https:\\\/\\\/motorpor.pt\\\/wp-content\\\/uploads\\\/2024\\\/07\\\/Logo-Motorpor-Preto.svg\",\"contentUrl\":\"https:\\\/\\\/motorpor.pt\\\/wp-content\\\/uploads\\\/2024\\\/07\\\/Logo-Motorpor-Preto.svg\",\"width\":493,\"height\":93,\"caption\":\"Motorpor\"},\"image\":{\"@id\":\"https:\\\/\\\/motorpor.pt\\\/#\\\/schema\\\/logo\\\/image\\\/\"},\"sameAs\":[\"https:\\\/\\\/www.linkedin.com\\\/company\\\/grupo-motorpor\"]}]}<\/script>\n<!-- \/ Yoast SEO plugin. -->","yoast_head_json":{"title":"Renault pro + - Motorpor","robots":{"index":"index","follow":"follow","max-snippet":"max-snippet:-1","max-image-preview":"max-image-preview:large","max-video-preview":"max-video-preview:-1"},"canonical":"https:\/\/motorpor.pt\/en\/renault-pro\/","og_locale":"en_US","og_type":"article","og_title":"Renault pro + - Motorpor","og_description":"Renault pro + O ve\u00edculo perfeito para a sua atividade profissional RENAULT PRO+ tem sempre a solu\u00e7\u00e3o ideal para si, seja qual a dimens\u00e3o e a \u00e1rea do seu neg\u00f3cio. Uma solu\u00e7\u00e3o que come\u00e7a na escolha e aconselhamento dos ve\u00edculos que melhor se adaptam \u00e0s suas necessidades espec\u00edficas, que se estende \u00e0 defini\u00e7\u00e3o dos melhores [&hellip;]","og_url":"https:\/\/motorpor.pt\/en\/renault-pro\/","og_site_name":"Motorpor","article_modified_time":"2023-07-05T09:23:09+00:00","og_image":[{"url":"https:\/\/motorpor.pt\/wp-content\/uploads\/elementor\/thumbs\/c6502f10ce-q8ykppmd7tccx101e4la2h7alj0fqgpqn1mkol3qww.jpg","type":"","width":"","height":""}],"twitter_card":"summary_large_image","twitter_misc":{"Est. reading time":"2 minutes"},"schema":{"@context":"https:\/\/schema.org","@graph":[{"@type":"WebPage","@id":"https:\/\/motorpor.pt\/renault-pro\/","url":"https:\/\/motorpor.pt\/renault-pro\/","name":"Renault pro + - Motorpor","isPartOf":{"@id":"https:\/\/motorpor.pt\/#website"},"primaryImageOfPage":{"@id":"https:\/\/motorpor.pt\/renault-pro\/#primaryimage"},"image":{"@id":"https:\/\/motorpor.pt\/renault-pro\/#primaryimage"},"thumbnailUrl":"https:\/\/motorpor.pt\/wp-content\/uploads\/elementor\/thumbs\/c6502f10ce-q8ykppmd7tccx101e4la2h7alj0fqgpqn1mkol3qww.jpg","datePublished":"2023-07-04T16:33:16+00:00","dateModified":"2023-07-05T09:23:09+00:00","breadcrumb":{"@id":"https:\/\/motorpor.pt\/renault-pro\/#breadcrumb"},"inLanguage":"en-US","potentialAction":[{"@type":"ReadAction","target":["https:\/\/motorpor.pt\/renault-pro\/"]}]},{"@type":"ImageObject","inLanguage":"en-US","@id":"https:\/\/motorpor.pt\/renault-pro\/#primaryimage","url":"https:\/\/motorpor.pt\/wp-content\/uploads\/elementor\/thumbs\/c6502f10ce-q8ykppmd7tccx101e4la2h7alj0fqgpqn1mkol3qww.jpg","contentUrl":"https:\/\/motorpor.pt\/wp-content\/uploads\/elementor\/thumbs\/c6502f10ce-q8ykppmd7tccx101e4la2h7alj0fqgpqn1mkol3qww.jpg"},{"@type":"BreadcrumbList","@id":"https:\/\/motorpor.pt\/renault-pro\/#breadcrumb","itemListElement":[{"@type":"ListItem","position":1,"name":"In\u00edcio","item":"https:\/\/motorpor.pt\/"},{"@type":"ListItem","position":2,"name":"Renault pro +"}]},{"@type":"WebSite","@id":"https:\/\/motorpor.pt\/#website","url":"https:\/\/motorpor.pt\/","name":"motorpor","description":"Comercio de Autom\u00f3veis Multimarcas","publisher":{"@id":"https:\/\/motorpor.pt\/#organization"},"potentialAction":[{"@type":"SearchAction","target":{"@type":"EntryPoint","urlTemplate":"https:\/\/motorpor.pt\/?s={search_term_string}"},"query-input":{"@type":"PropertyValueSpecification","valueRequired":true,"valueName":"search_term_string"}}],"inLanguage":"en-US"},{"@type":"Organization","@id":"https:\/\/motorpor.pt\/#organization","name":"motorpor","alternateName":"Motorpor","url":"https:\/\/motorpor.pt\/","logo":{"@type":"ImageObject","inLanguage":"en-US","@id":"https:\/\/motorpor.pt\/#\/schema\/logo\/image\/","url":"https:\/\/motorpor.pt\/wp-content\/uploads\/2024\/07\/Logo-Motorpor-Preto.svg","contentUrl":"https:\/\/motorpor.pt\/wp-content\/uploads\/2024\/07\/Logo-Motorpor-Preto.svg","width":493,"height":93,"caption":"Motorpor"},"image":{"@id":"https:\/\/motorpor.pt\/#\/schema\/logo\/image\/"},"sameAs":["https:\/\/www.linkedin.com\/company\/grupo-motorpor"]}]}},"_links":{"self":[{"href":"https:\/\/motorpor.pt\/en\/wp-json\/wp\/v2\/pages\/41619","targetHints":{"allow":["GET"]}}],"collection":[{"href":"https:\/\/motorpor.pt\/en\/wp-json\/wp\/v2\/pages"}],"about":[{"href":"https:\/\/motorpor.pt\/en\/wp-json\/wp\/v2\/types\/page"}],"author":[{"embeddable":true,"href":"https:\/\/motorpor.pt\/en\/wp-json\/wp\/v2\/users\/1"}],"replies":[{"embeddable":true,"href":"https:\/\/motorpor.pt\/en\/wp-json\/wp\/v2\/comments?post=41619"}],"version-history":[{"count":34,"href":"https:\/\/motorpor.pt\/en\/wp-json\/wp\/v2\/pages\/41619\/revisions"}],"predecessor-version":[{"id":41705,"href":"https:\/\/motorpor.pt\/en\/wp-json\/wp\/v2\/pages\/41619\/revisions\/41705"}],"wp:attachment":[{"href":"https:\/\/motorpor.pt\/en\/wp-json\/wp\/v2\/media?parent=41619"}],"curies":[{"name":"wp","href":"https:\/\/api.w.org\/{rel}","templated":true}]}}