{"id":419292,"date":"2026-01-26T16:21:26","date_gmt":"2026-01-26T15:21:26","guid":{"rendered":"https:\/\/motorpor.pt\/?page_id=419292"},"modified":"2026-01-26T18:30:44","modified_gmt":"2026-01-26T17:30:44","slug":"arbitragem-de-conflitos","status":"publish","type":"page","link":"https:\/\/motorpor.pt\/fr\/arbitragem-de-conflitos\/","title":{"rendered":"Arbitragem de Conflitos"},"content":{"rendered":"<div data-elementor-type=\"wp-page\" data-elementor-id=\"419292\" class=\"elementor elementor-419292\" data-elementor-post-type=\"page\">\n\t\t\t\t\t\t<section class=\"has_eae_slider elementor-section elementor-top-section elementor-element elementor-element-130f36d elementor-section-height-min-height elementor-section-boxed elementor-section-height-default elementor-section-items-middle\" data-eae-slider=\"81628\" data-id=\"130f36d\" data-element_type=\"section\" data-e-type=\"section\" data-settings=\"{&quot;background_background&quot;:&quot;classic&quot;}\">\n\t\t\t\t\t\t<div class=\"elementor-container elementor-column-gap-default\">\n\t\t\t\t\t<div class=\"has_eae_slider elementor-column elementor-col-100 elementor-top-column elementor-element elementor-element-420c277\" data-eae-slider=\"46554\" data-id=\"420c277\" data-element_type=\"column\" data-e-type=\"column\">\n\t\t\t<div class=\"elementor-widget-wrap elementor-element-populated\">\n\t\t\t\t\t\t<div class=\"elementor-element elementor-element-9f96d35 elementor-widget elementor-widget-heading\" data-id=\"9f96d35\" data-element_type=\"widget\" data-e-type=\"widget\" data-widget_type=\"heading.default\">\n\t\t\t\t<div class=\"elementor-widget-container\">\n\t\t\t\t\t<h1 class=\"elementor-heading-title elementor-size-default\">Arbitragem de Conflitos<\/h1>\t\t\t\t<\/div>\n\t\t\t\t<\/div>\n\t\t\t\t\t<\/div>\n\t\t<\/div>\n\t\t\t\t\t<\/div>\n\t\t<\/section>\n\t\t\t\t<section class=\"has_eae_slider elementor-section elementor-top-section elementor-element elementor-element-f05311b elementor-section-boxed elementor-section-height-default elementor-section-height-default\" data-eae-slider=\"31690\" data-id=\"f05311b\" data-element_type=\"section\" data-e-type=\"section\">\n\t\t\t\t\t\t<div class=\"elementor-container elementor-column-gap-default\">\n\t\t\t\t\t<div class=\"has_eae_slider elementor-column elementor-col-100 elementor-top-column elementor-element elementor-element-4b70aa4\" data-eae-slider=\"77230\" data-id=\"4b70aa4\" data-element_type=\"column\" data-e-type=\"column\">\n\t\t\t<div class=\"elementor-widget-wrap elementor-element-populated\">\n\t\t\t\t\t\t<div class=\"elementor-element elementor-element-52624b6 elementor-widget elementor-widget-heading\" data-id=\"52624b6\" data-element_type=\"widget\" data-e-type=\"widget\" data-widget_type=\"heading.default\">\n\t\t\t\t<div class=\"elementor-widget-container\">\n\t\t\t\t\t<h2 class=\"elementor-heading-title elementor-size-default\">Resolu\u00e7\u00e3o alternativa de lit\u00edgios<\/h2>\t\t\t\t<\/div>\n\t\t\t\t<\/div>\n\t\t\t\t<div class=\"elementor-element elementor-element-67a3965 elementor-widget elementor-widget-text-editor\" data-id=\"67a3965\" data-element_type=\"widget\" data-e-type=\"widget\" data-widget_type=\"text-editor.default\">\n\t\t\t\t<div class=\"elementor-widget-container\">\n\t\t\t\t\t\t\t\t\t<p>Informa\u00e7\u00e3o ao Consumidor ao abrigo do disposto no artigo 18\u00ba da Lei n.\u00ba 144\/2015 de 8 de setembro. Conforme este artigo, o Cliente tem\u00a0a possibilidade de recorrer a uma entidade de resolu\u00e7\u00e3o alternativa de lit\u00edgios competente para o efeito.\u00a0<\/p>\t\t\t\t\t\t\t\t<\/div>\n\t\t\t\t<\/div>\n\t\t\t\t<div class=\"elementor-element elementor-element-11f3740 elementor-widget elementor-widget-spacer\" data-id=\"11f3740\" data-element_type=\"widget\" data-e-type=\"widget\" data-widget_type=\"spacer.default\">\n\t\t\t\t<div class=\"elementor-widget-container\">\n\t\t\t\t\t\t\t<div class=\"elementor-spacer\">\n\t\t\t<div class=\"elementor-spacer-inner\"><\/div>\n\t\t<\/div>\n\t\t\t\t\t\t<\/div>\n\t\t\t\t<\/div>\n\t\t\t\t<div class=\"elementor-element elementor-element-e02e981 elementor-widget elementor-widget-text-editor\" data-id=\"e02e981\" data-element_type=\"widget\" data-e-type=\"widget\" data-widget_type=\"text-editor.default\">\n\t\t\t\t<div class=\"elementor-widget-container\">\n\t\t\t\t\t\t\t\t\t<p>Pode consultar as entidades de resolu\u00e7\u00e3o alternativa de lit\u00edgios que constam da <a href=\"https:\/\/www.consumidor.gov.pt\/ral-mapa-e-lista-de-entidades\" data-auth=\"NotApplicable\">Lista de Centros de Arbitragem dispon\u00edvel na p\u00e1gina da Dire\u00e7\u00e3o-Geral do Consumidor<\/a>.<\/p>\t\t\t\t\t\t\t\t<\/div>\n\t\t\t\t<\/div>\n\t\t\t\t\t<\/div>\n\t\t<\/div>\n\t\t\t\t\t<\/div>\n\t\t<\/section>\n\t\t\t\t<\/div>","protected":false},"excerpt":{"rendered":"<p>Arbitragem de Conflitos Resolu\u00e7\u00e3o alternativa de lit\u00edgios Informa\u00e7\u00e3o ao Consumidor ao abrigo do disposto no artigo 18\u00ba da Lei n.\u00ba 144\/2015 de 8 de setembro. Conforme este artigo, o Cliente tem\u00a0a possibilidade de recorrer a uma entidade de resolu\u00e7\u00e3o alternativa de lit\u00edgios competente para o efeito.\u00a0 Pode consultar as entidades de resolu\u00e7\u00e3o alternativa de lit\u00edgios [&hellip;]<\/p>\n","protected":false},"author":1,"featured_media":0,"parent":0,"menu_order":0,"comment_status":"closed","ping_status":"closed","template":"","meta":{"_acf_changed":false,"footnotes":""},"class_list":["post-419292","page","type-page","status-publish","hentry"],"acf":[],"yoast_head":"<!-- This site is optimized with the Yoast SEO plugin v27.5 - https:\/\/yoast.com\/product\/yoast-seo-wordpress\/ -->\n<title>Arbitragem de Conflitos - Motorpor<\/title>\n<meta name=\"robots\" content=\"index, follow, max-snippet:-1, max-image-preview:large, max-video-preview:-1\" \/>\n<link rel=\"canonical\" href=\"https:\/\/motorpor.pt\/fr\/arbitragem-de-conflitos\/\" \/>\n<meta property=\"og:locale\" content=\"fr_FR\" \/>\n<meta property=\"og:type\" content=\"article\" \/>\n<meta property=\"og:title\" content=\"Arbitragem de Conflitos - Motorpor\" \/>\n<meta property=\"og:description\" content=\"Arbitragem de Conflitos Resolu\u00e7\u00e3o alternativa de lit\u00edgios Informa\u00e7\u00e3o ao Consumidor ao abrigo do disposto no artigo 18\u00ba da Lei n.\u00ba 144\/2015 de 8 de setembro. Conforme este artigo, o Cliente tem\u00a0a possibilidade de recorrer a uma entidade de resolu\u00e7\u00e3o alternativa de lit\u00edgios competente para o efeito.\u00a0 Pode consultar as entidades de resolu\u00e7\u00e3o alternativa de lit\u00edgios [&hellip;]\" \/>\n<meta property=\"og:url\" content=\"https:\/\/motorpor.pt\/fr\/arbitragem-de-conflitos\/\" \/>\n<meta property=\"og:site_name\" content=\"Motorpor\" \/>\n<meta property=\"article:modified_time\" content=\"2026-01-26T17:30:44+00:00\" \/>\n<meta name=\"twitter:card\" content=\"summary_large_image\" \/>\n<meta name=\"twitter:label1\" content=\"Dur\u00e9e de lecture estim\u00e9e\" \/>\n\t<meta name=\"twitter:data1\" content=\"1 minute\" \/>\n<script type=\"application\/ld+json\" class=\"yoast-schema-graph\">{\"@context\":\"https:\\\/\\\/schema.org\",\"@graph\":[{\"@type\":\"WebPage\",\"@id\":\"https:\\\/\\\/motorpor.pt\\\/arbitragem-de-conflitos\\\/\",\"url\":\"https:\\\/\\\/motorpor.pt\\\/arbitragem-de-conflitos\\\/\",\"name\":\"Arbitragem de Conflitos - Motorpor\",\"isPartOf\":{\"@id\":\"https:\\\/\\\/motorpor.pt\\\/#website\"},\"datePublished\":\"2026-01-26T15:21:26+00:00\",\"dateModified\":\"2026-01-26T17:30:44+00:00\",\"breadcrumb\":{\"@id\":\"https:\\\/\\\/motorpor.pt\\\/arbitragem-de-conflitos\\\/#breadcrumb\"},\"inLanguage\":\"fr-FR\",\"potentialAction\":[{\"@type\":\"ReadAction\",\"target\":[\"https:\\\/\\\/motorpor.pt\\\/arbitragem-de-conflitos\\\/\"]}]},{\"@type\":\"BreadcrumbList\",\"@id\":\"https:\\\/\\\/motorpor.pt\\\/arbitragem-de-conflitos\\\/#breadcrumb\",\"itemListElement\":[{\"@type\":\"ListItem\",\"position\":1,\"name\":\"In\u00edcio\",\"item\":\"https:\\\/\\\/motorpor.pt\\\/\"},{\"@type\":\"ListItem\",\"position\":2,\"name\":\"Arbitragem de Conflitos\"}]},{\"@type\":\"WebSite\",\"@id\":\"https:\\\/\\\/motorpor.pt\\\/#website\",\"url\":\"https:\\\/\\\/motorpor.pt\\\/\",\"name\":\"Motorpor\",\"description\":\"Comercio de Autom\u00f3veis Multimarcas\",\"publisher\":{\"@id\":\"https:\\\/\\\/motorpor.pt\\\/#organization\"},\"potentialAction\":[{\"@type\":\"SearchAction\",\"target\":{\"@type\":\"EntryPoint\",\"urlTemplate\":\"https:\\\/\\\/motorpor.pt\\\/?s={search_term_string}\"},\"query-input\":{\"@type\":\"PropertyValueSpecification\",\"valueRequired\":true,\"valueName\":\"search_term_string\"}}],\"inLanguage\":\"fr-FR\"},{\"@type\":\"Organization\",\"@id\":\"https:\\\/\\\/motorpor.pt\\\/#organization\",\"name\":\"Motorpor\",\"alternateName\":\"Motorpor\",\"url\":\"https:\\\/\\\/motorpor.pt\\\/\",\"logo\":{\"@type\":\"ImageObject\",\"inLanguage\":\"fr-FR\",\"@id\":\"https:\\\/\\\/motorpor.pt\\\/#\\\/schema\\\/logo\\\/image\\\/\",\"url\":\"https:\\\/\\\/motorpor.pt\\\/wp-content\\\/uploads\\\/2024\\\/07\\\/Logo-Motorpor-Preto.svg\",\"contentUrl\":\"https:\\\/\\\/motorpor.pt\\\/wp-content\\\/uploads\\\/2024\\\/07\\\/Logo-Motorpor-Preto.svg\",\"width\":493,\"height\":93,\"caption\":\"Motorpor\"},\"image\":{\"@id\":\"https:\\\/\\\/motorpor.pt\\\/#\\\/schema\\\/logo\\\/image\\\/\"},\"sameAs\":[\"https:\\\/\\\/www.linkedin.com\\\/company\\\/grupo-motorpor\"]}]}<\/script>\n<!-- \/ Yoast SEO plugin. -->","yoast_head_json":{"title":"Arbitragem de Conflitos - Motorpor","robots":{"index":"index","follow":"follow","max-snippet":"max-snippet:-1","max-image-preview":"max-image-preview:large","max-video-preview":"max-video-preview:-1"},"canonical":"https:\/\/motorpor.pt\/fr\/arbitragem-de-conflitos\/","og_locale":"fr_FR","og_type":"article","og_title":"Arbitragem de Conflitos - Motorpor","og_description":"Arbitragem de Conflitos Resolu\u00e7\u00e3o alternativa de lit\u00edgios Informa\u00e7\u00e3o ao Consumidor ao abrigo do disposto no artigo 18\u00ba da Lei n.\u00ba 144\/2015 de 8 de setembro. Conforme este artigo, o Cliente tem\u00a0a possibilidade de recorrer a uma entidade de resolu\u00e7\u00e3o alternativa de lit\u00edgios competente para o efeito.\u00a0 Pode consultar as entidades de resolu\u00e7\u00e3o alternativa de lit\u00edgios [&hellip;]","og_url":"https:\/\/motorpor.pt\/fr\/arbitragem-de-conflitos\/","og_site_name":"Motorpor","article_modified_time":"2026-01-26T17:30:44+00:00","twitter_card":"summary_large_image","twitter_misc":{"Dur\u00e9e de lecture estim\u00e9e":"1 minute"},"schema":{"@context":"https:\/\/schema.org","@graph":[{"@type":"WebPage","@id":"https:\/\/motorpor.pt\/arbitragem-de-conflitos\/","url":"https:\/\/motorpor.pt\/arbitragem-de-conflitos\/","name":"Arbitragem de Conflitos - Motorpor","isPartOf":{"@id":"https:\/\/motorpor.pt\/#website"},"datePublished":"2026-01-26T15:21:26+00:00","dateModified":"2026-01-26T17:30:44+00:00","breadcrumb":{"@id":"https:\/\/motorpor.pt\/arbitragem-de-conflitos\/#breadcrumb"},"inLanguage":"fr-FR","potentialAction":[{"@type":"ReadAction","target":["https:\/\/motorpor.pt\/arbitragem-de-conflitos\/"]}]},{"@type":"BreadcrumbList","@id":"https:\/\/motorpor.pt\/arbitragem-de-conflitos\/#breadcrumb","itemListElement":[{"@type":"ListItem","position":1,"name":"In\u00edcio","item":"https:\/\/motorpor.pt\/"},{"@type":"ListItem","position":2,"name":"Arbitragem de Conflitos"}]},{"@type":"WebSite","@id":"https:\/\/motorpor.pt\/#website","url":"https:\/\/motorpor.pt\/","name":"motorpor","description":"Comercio de Autom\u00f3veis Multimarcas","publisher":{"@id":"https:\/\/motorpor.pt\/#organization"},"potentialAction":[{"@type":"SearchAction","target":{"@type":"EntryPoint","urlTemplate":"https:\/\/motorpor.pt\/?s={search_term_string}"},"query-input":{"@type":"PropertyValueSpecification","valueRequired":true,"valueName":"search_term_string"}}],"inLanguage":"fr-FR"},{"@type":"Organization","@id":"https:\/\/motorpor.pt\/#organization","name":"motorpor","alternateName":"Motorpor","url":"https:\/\/motorpor.pt\/","logo":{"@type":"ImageObject","inLanguage":"fr-FR","@id":"https:\/\/motorpor.pt\/#\/schema\/logo\/image\/","url":"https:\/\/motorpor.pt\/wp-content\/uploads\/2024\/07\/Logo-Motorpor-Preto.svg","contentUrl":"https:\/\/motorpor.pt\/wp-content\/uploads\/2024\/07\/Logo-Motorpor-Preto.svg","width":493,"height":93,"caption":"Motorpor"},"image":{"@id":"https:\/\/motorpor.pt\/#\/schema\/logo\/image\/"},"sameAs":["https:\/\/www.linkedin.com\/company\/grupo-motorpor"]}]}},"_links":{"self":[{"href":"https:\/\/motorpor.pt\/fr\/wp-json\/wp\/v2\/pages\/419292","targetHints":{"allow":["GET"]}}],"collection":[{"href":"https:\/\/motorpor.pt\/fr\/wp-json\/wp\/v2\/pages"}],"about":[{"href":"https:\/\/motorpor.pt\/fr\/wp-json\/wp\/v2\/types\/page"}],"author":[{"embeddable":true,"href":"https:\/\/motorpor.pt\/fr\/wp-json\/wp\/v2\/users\/1"}],"replies":[{"embeddable":true,"href":"https:\/\/motorpor.pt\/fr\/wp-json\/wp\/v2\/comments?post=419292"}],"version-history":[{"count":16,"href":"https:\/\/motorpor.pt\/fr\/wp-json\/wp\/v2\/pages\/419292\/revisions"}],"predecessor-version":[{"id":419314,"href":"https:\/\/motorpor.pt\/fr\/wp-json\/wp\/v2\/pages\/419292\/revisions\/419314"}],"wp:attachment":[{"href":"https:\/\/motorpor.pt\/fr\/wp-json\/wp\/v2\/media?parent=419292"}],"curies":[{"name":"wp","href":"https:\/\/api.w.org\/{rel}","templated":true}]}}